 {"id":24353,"date":"2022-03-10T13:20:31","date_gmt":"2022-03-10T12:20:31","guid":{"rendered":"https:\/\/aichabendafi.com\/privacy-policy\/"},"modified":"2022-04-26T08:45:54","modified_gmt":"2022-04-26T06:45:54","slug":"privacy-policy","status":"publish","type":"page","link":"https:\/\/aichabendafi.com\/en\/privacy-policy\/","title":{"rendered":"Privacy Policy"},"content":{"rendered":"\n<p><\/p>\n\n\n\n<h4 class=\"wp-block-heading\"><strong>PREAMBLE<\/strong><\/h4>\n\n\n\n<p><br><\/p>\n\n\n\n<p>This privacy policy applies to the site: aichabendafi.com.<br>The purpose of this Privacy Policy is to expose users to:<br>\u2013 How their personal data is collected and processed. All data that may identify a user shall be considered as personal data. This includes first and last name, age, postal address, email address, user location or IP address;<br>\u2013 What are the rights of users regarding this data;<br>\u2013 Who is responsible for processing the personal data collected and processed;<br>\u2013 to whom this data is transmitted;<br>\u2013 Possibly, the site\u2019s policy regarding \u201ccookies\u201d files.<br>This privacy policy complements the legal notices and the General Conditions of Use that users can consult at the address below:<br>aichabendafi.com<\/p>\n\n\n\n<h4 class=\"wp-block-heading\"><strong>Privacy Policy GENERAL PRINCIPLES FOR DATA COLLECTION AND PROCESSING<\/strong><\/h4>\n\n\n\n<h4 class=\"wp-block-heading\">In accordance with Article 5 of the R<\/h4>\n\n\n\n<h4 class=\"wp-block-heading\">&nbsp;<\/h4>\n\n\n\n<p>Privacy Policy. The collection and processing of the data of users of the site respect the following principles:<br>\u2013 Lawfulness, loyalty and transparency: Data can only be collected and processed with the consent of the user who owns the data. Whenever personal data is collected, the user will be informed that his data is collected, and for what reasons his data is collected;<br>\u2013 Limited purposes: the collection and processing of data is carried out in order to meet one or more objectives set out in these general conditions of use;<br>\u2013 Minimisation of data collection and processing: only data necessary for the proper execution of the objectives pursued by the site are collected;<br>\u2013 Storage of data reduced in time: the data is kept for a limited time, of which the user is informed. When this information cannot be communicated, the user is informed of the criteria used to determine the retention period;<br>\u2013 Integrity and confidentiality of the data collected and processed: the data controller undertakes to guarantee the integrity and confidentiality of the data collected.<\/p>\n\n\n\n<h4 class=\"wp-block-heading\">In accordance with the requirements of Article 6 of European Regulation 2016\/679<\/h4>\n\n\n\n<p>privacy policy. In order to be lawful, the collection and processing of personal data may only take place if they comply with at least one of the following conditions:<br>The user has expressly consented to the processing necessary for the proper performance of a contract;<br>The processing meets a legal obligation and is explained by a necessity related to the safeguarding of the vital interests of the data subject or another natural person;<br>It may be explained by a need related to the performance of a mission of public interest or that falls within the exercise of public authority;<br>The collection and processing of personal data is necessary for the purposes of legitimate and private interests pursued by the controller or by a third party.<\/p>\n\n\n\n<p>P<strong>RIVACY POLICY PERSONAL DATA COLLECTED AND PROCESSED IN THE CONTEXT OF BROWSING THE SITE<br>DATA COLLECTED AND PROCESSED AND MODE OF COLLECTION<\/strong><\/p>\n\n\n\n<p><br><\/p>\n\n\n\n<p>privacy policy. The personal data collected on aichabendafi.com are as follows:<br>\u2013 First name, Last name -email<br>\u2013 telephone number<\/p>\n\n\n\n<ul class=\"wp-block-list\"><li>mailing address<\/li><li>bank details<br>This data is collected when the user buys a product on the site<br>When a payment is made on the site, a proof of the transaction including the purchase order and invoice will be kept in the computer systems of the site\u2019s publisher.<br>The controller shall keep all the data collected for a period of: 9 months in its computer systems on the site and under reasonable security conditions.<br>The entry of the user\u2019s personal data is only required when purchasing an item, for a proper execution of the order and its delivery.<\/li><\/ul>\n\n\n\n<h3 class=\"wp-block-heading\">The personal data collected by the site are not transmitted to any third party, and are only processed by the site editor.<\/h3>\n\n\n\n<h3 class=\"wp-block-heading\"><strong>DATA HOSTING<\/strong><\/h3>\n\n\n\n<p><br><\/p>\n\n\n\n<p>rue Kellermann \u2013 59100 Roubaix \u2013 France<br>The host can be contacted at the following phone number: <strong><em><strong>1-855-684-5463<\/strong><\/em><\/strong><br>The data collected and processed by the site are exclusively hosted and processed in France.<\/p>\n\n\n\n<p>Le responsable du traitement des donn\u00e9es \u00e0 caract\u00e8re personnel est : A\u00efcha Bendafi. Il peut \u00eatre contact\u00e9 de la mani\u00e8re suivante :<br>par e-mail \u00e0 l\u2019adresse suivante : aicha.bendafi@yahoo.fr<br>Le responsable du traitement des donn\u00e9es est charg\u00e9 de d\u00e9terminer les finalit\u00e9s et les moyens mis au service du traitement des donn\u00e9es \u00e0 caract\u00e8re personnel.<\/p>\n\n\n\n<h4 class=\"wp-block-heading\"><strong>OBLIGATIONS OF THE DATA CONTROLLER<\/strong><\/h4>\n\n\n\n<p>The controller undertakes to protect the personal data collected. It undertakes not to transmit them to third parties without the user having been informed and to respect the purposes for which these data were collected.<br>The site has an SSL certificate to ensure that the information and the transfer of data passing through the site are secure.<br>An SSL (\u201cSecure Socket Layer\u201d Certificate) certificate aims to secure the data exchanged between the user and the site.<br>In addition, the data controller undertakes to notify the user in the event of rectification or deletion of the data, unless this entails for him disproportionate formalities, costs and procedures.<br>In the event that the integrity, confidentiality or security of the user\u2019s personal data is compromised, the controller undertakes to inform the user by any means.<\/p>\n\n\n\n<h4 class=\"wp-block-heading\"><strong>THE DATA PROTECTION OFFICER<\/strong><\/h4>\n\n\n\n<p>In addition, the user is informed that the following person has been appointed Data Protection Officer: A\u00efcha Bendafi.<br>The role of the Data Protection Officer and to ensure the proper implementation of national and supranational provisions relating to the collection and processing of personal data. He can also be named DPO (Data Protection Officer).<br>The Data Protection Officer may be contacted as follows:<br>aicha.bendafi@yahoo.fr<\/p>\n\n\n\n<h4 class=\"wp-block-heading\"><strong>USER RIGHTS<\/strong><\/h4>\n\n\n\n<p>In accordance with the regulations concerning the processing of personal data, the user has the rights listed below.<br>In order for the data controller to grant his request, the user is required to communicate to him: his first and last name as well as his e-mail address.<br>The data controller must reply to the user within a maximum of 30 (thirty) days.<\/p>\n\n\n\n<h4 class=\"wp-block-heading\"><strong>PR\u00c9SENTATION DES DROITS DE L\u2019UTILISATEUR EN MATI\u00c8RE DE COLLECTE ET TRAITEMENT DE DONN\u00c9ES<\/strong><\/h4>\n\n\n\n<p><br><em>\u2013 Droit d\u2019acc\u00e8s, de rectification et droit \u00e0 l\u2019effacement<\/em><br>L\u2019utilisateur peut prendre connaissance, mettre \u00e0 jour, modifier ou demander la suppression des donn\u00e9es le concernant, en respectant la proc\u00e9dure ci-apr\u00e8s \u00e9nonc\u00e9e :<br>L\u2019utilisateur doit envoyer un e-mail au responsable du traitement des donn\u00e9es personnelles, en pr\u00e9cisant l\u2019objet de sa demande et en utilisant l\u2019adresse e-mail de contact qui est fournie plus haut.<br><em>\u2013 Droit \u00e0 la portabilit\u00e9 des donn\u00e9es<\/em><br>L\u2019utilisateur a le droit de demander la portabilit\u00e9 de ses donn\u00e9es personnelles, d\u00e9tenues par le site, vers un autre site, en se conformant \u00e0 la proc\u00e9dure ci-apr\u00e8s :<br>sans objet<br><em>\u2013 Droit \u00e0 la limitation et \u00e0 l\u2019opposition du traitement des donn\u00e9es<\/em><\/p>\n\n\n\n<h4 class=\"wp-block-heading\"><strong>PRESENTATION OF THE USER\u2019S DATA COLLECTION AND PROCESSING RIGHTS<\/strong><\/h4>\n\n\n\n<p>The user has the right to request the limitation or to object to the processing of his data by the site, without the site being able to refuse, except to demonstrate the existence of legitimate and compelling reasons, which may override the interests and rights and freedoms of the user.<br>In order to request the limitation of the processing of its data or to object to the processing of its data, the user must follow the following procedure:<br>The user must make a request for a limitation to the processing of his personal data to the data controller, by sending an e-mail to the address provided above.<br>Right not to be the subject of a decision based exclusively on an automated process. In accordance with the provisions of Regulation 2016\/679<\/p>\n\n\n\n<h4 class=\"wp-block-heading\"><strong>RIGHTS OF THE USER<\/strong><\/h4>\n\n\n\n<p><em>Right to determine the fate of data after death<\/em><br>Users are reminded that they can organise the future of their data collected and processed if they die, in accordance with Law no. 2016-1321 of 7 October 2016.<br>Right to refer to the competent supervisory authority<\/p>\n\n\n\n<p>In the event that the data controller decides not to respond to the user\u2019s request, and that the user wishes to contest this decision, or if he believes that any of the rights listed above are infringed, he is entitled to refer the matter to the CNIL (Commission Nationale de l&#8217;Informatique et des Libert\u00e9s, https:\/\/www.cnil.fr) or any competent judge.<\/p>\n\n\n\n<h4 class=\"wp-block-heading\"><strong>PERSONAL DATA OF MINORS<\/strong><\/h4>\n\n\n\n<p>In accordance with the provisions of Article 8 of European Regulation 2016\/679 and the French Data Protection Act, only minors aged 15 or over may consent to the processing of their personal data.<br>If the user is a minor under the age of 15, the consent of a legal representative will be required so that personal data can be collected and processed.<br>The site editor reserves the right to verify by any means that the user is over 15 years of age, or that he will have obtained the consent of a legal representative before browsing the site.<\/p>\n\n\n\n<p><strong>CONDITIONS DE MODIFICATION DE LA POLITIQUE DE CONFIDENTIALIT\u00c9<\/strong><\/p>\n\n\n\n<p>This Privacy Policy is available at any time at the address below:<br>The editor of the site reserves the right to modify it to ensure its compliance with the law in force.<br>Therefore, the user is invited to regularly consult this privacy policy in order to stay informed of the latest changes that will be made.<br>The user is informed that this Privacy Policy was last updated on: 26\/11\/2020.<\/p>\n\n\n\n<h5 class=\"wp-block-heading\"><strong>USER ACCEPTANCE OF THE PRIVACY POLICY<\/strong><\/h5>\n\n\n\n<p>By browsing the site, the user certifies having read and understood this privacy policy. In particular, it accepts the conditions regarding the collection and processing of its personal data.<\/p>\n","protected":false},"excerpt":{"rendered":"<p>PREAMBLE This privacy policy applies to the site: aichabendafi.com.The purpose of this Privacy Policy is to expose users to:\u2013 How their personal data is collected and processed. All data that may identify a user shall be considered as personal data. This includes first and last name, age, postal address, email address, user location or IP [&hellip;]<\/p>\n","protected":false},"author":1,"featured_media":0,"parent":0,"menu_order":0,"comment_status":"closed","ping_status":"closed","template":"","meta":{"footnotes":""},"class_list":["post-24353","page","type-page","status-publish","hentry","entry","owp-thumbs-layout-horizontal","owp-btn-normal","owp-tabs-layout-horizontal","has-no-thumbnails","has-product-nav"],"yoast_head":"<!-- This site is optimized with the Yoast SEO plugin v25.8 - https:\/\/yoast.com\/wordpress\/plugins\/seo\/ -->\n<title>Privacy Policy - aichabendafi<\/title>\n<meta name=\"robots\" content=\"index, follow, max-snippet:-1, max-image-preview:large, max-video-preview:-1\" \/>\n<link rel=\"canonical\" href=\"https:\/\/aichabendafi.com\/en\/privacy-policy\/\" \/>\n<meta property=\"og:locale\" content=\"en_US\" \/>\n<meta property=\"og:type\" content=\"article\" \/>\n<meta property=\"og:title\" content=\"Privacy Policy - aichabendafi\" \/>\n<meta property=\"og:description\" content=\"PREAMBLE This privacy policy applies to the site: aichabendafi.com.The purpose of this Privacy Policy is to expose users to:\u2013 How their personal data is collected and processed. All data that may identify a user shall be considered as personal data. This includes first and last name, age, postal address, email address, user location or IP [&hellip;]\" \/>\n<meta property=\"og:url\" content=\"https:\/\/aichabendafi.com\/en\/privacy-policy\/\" \/>\n<meta property=\"og:site_name\" content=\"aichabendafi\" \/>\n<meta property=\"article:modified_time\" content=\"2022-04-26T06:45:54+00:00\" \/>\n<meta name=\"twitter:card\" content=\"summary_large_image\" \/>\n<meta name=\"twitter:label1\" content=\"Est. reading time\" \/>\n\t<meta name=\"twitter:data1\" content=\"8 minutes\" \/>\n<script type=\"application\/ld+json\" class=\"yoast-schema-graph\">{\"@context\":\"https:\/\/schema.org\",\"@graph\":[{\"@type\":\"WebPage\",\"@id\":\"https:\/\/aichabendafi.com\/en\/privacy-policy\/\",\"url\":\"https:\/\/aichabendafi.com\/en\/privacy-policy\/\",\"name\":\"Privacy Policy - aichabendafi\",\"isPartOf\":{\"@id\":\"https:\/\/aichabendafi.com\/en\/#website\"},\"datePublished\":\"2022-03-10T12:20:31+00:00\",\"dateModified\":\"2022-04-26T06:45:54+00:00\",\"breadcrumb\":{\"@id\":\"https:\/\/aichabendafi.com\/en\/privacy-policy\/#breadcrumb\"},\"inLanguage\":\"en-US\",\"potentialAction\":[{\"@type\":\"ReadAction\",\"target\":[\"https:\/\/aichabendafi.com\/en\/privacy-policy\/\"]}]},{\"@type\":\"BreadcrumbList\",\"@id\":\"https:\/\/aichabendafi.com\/en\/privacy-policy\/#breadcrumb\",\"itemListElement\":[{\"@type\":\"ListItem\",\"position\":1,\"name\":\"Home\",\"item\":\"https:\/\/aichabendafi.com\/en\/\"},{\"@type\":\"ListItem\",\"position\":2,\"name\":\"Privacy Policy\"}]},{\"@type\":\"WebSite\",\"@id\":\"https:\/\/aichabendafi.com\/en\/#website\",\"url\":\"https:\/\/aichabendafi.com\/en\/\",\"name\":\"aichabendafi\",\"description\":\"Un site utilisant WordPress\",\"publisher\":{\"@id\":\"https:\/\/aichabendafi.com\/en\/#organization\"},\"potentialAction\":[{\"@type\":\"SearchAction\",\"target\":{\"@type\":\"EntryPoint\",\"urlTemplate\":\"https:\/\/aichabendafi.com\/en\/?s={search_term_string}\"},\"query-input\":{\"@type\":\"PropertyValueSpecification\",\"valueRequired\":true,\"valueName\":\"search_term_string\"}}],\"inLanguage\":\"en-US\"},{\"@type\":\"Organization\",\"@id\":\"https:\/\/aichabendafi.com\/en\/#organization\",\"name\":\"aichabendafi\",\"url\":\"https:\/\/aichabendafi.com\/en\/\",\"logo\":{\"@type\":\"ImageObject\",\"inLanguage\":\"en-US\",\"@id\":\"https:\/\/aichabendafi.com\/en\/#\/schema\/logo\/image\/\",\"url\":\"https:\/\/aichabendafi.com\/wp-content\/uploads\/2022\/03\/cropped-logo.png\",\"contentUrl\":\"https:\/\/aichabendafi.com\/wp-content\/uploads\/2022\/03\/cropped-logo.png\",\"width\":340,\"height\":42,\"caption\":\"aichabendafi\"},\"image\":{\"@id\":\"https:\/\/aichabendafi.com\/en\/#\/schema\/logo\/image\/\"}}]}<\/script>\n<!-- \/ Yoast SEO plugin. -->","yoast_head_json":{"title":"Privacy Policy - aichabendafi","robots":{"index":"index","follow":"follow","max-snippet":"max-snippet:-1","max-image-preview":"max-image-preview:large","max-video-preview":"max-video-preview:-1"},"canonical":"https:\/\/aichabendafi.com\/en\/privacy-policy\/","og_locale":"en_US","og_type":"article","og_title":"Privacy Policy - aichabendafi","og_description":"PREAMBLE This privacy policy applies to the site: aichabendafi.com.The purpose of this Privacy Policy is to expose users to:\u2013 How their personal data is collected and processed. All data that may identify a user shall be considered as personal data. This includes first and last name, age, postal address, email address, user location or IP [&hellip;]","og_url":"https:\/\/aichabendafi.com\/en\/privacy-policy\/","og_site_name":"aichabendafi","article_modified_time":"2022-04-26T06:45:54+00:00","twitter_card":"summary_large_image","twitter_misc":{"Est. reading time":"8 minutes"},"schema":{"@context":"https:\/\/schema.org","@graph":[{"@type":"WebPage","@id":"https:\/\/aichabendafi.com\/en\/privacy-policy\/","url":"https:\/\/aichabendafi.com\/en\/privacy-policy\/","name":"Privacy Policy - aichabendafi","isPartOf":{"@id":"https:\/\/aichabendafi.com\/en\/#website"},"datePublished":"2022-03-10T12:20:31+00:00","dateModified":"2022-04-26T06:45:54+00:00","breadcrumb":{"@id":"https:\/\/aichabendafi.com\/en\/privacy-policy\/#breadcrumb"},"inLanguage":"en-US","potentialAction":[{"@type":"ReadAction","target":["https:\/\/aichabendafi.com\/en\/privacy-policy\/"]}]},{"@type":"BreadcrumbList","@id":"https:\/\/aichabendafi.com\/en\/privacy-policy\/#breadcrumb","itemListElement":[{"@type":"ListItem","position":1,"name":"Home","item":"https:\/\/aichabendafi.com\/en\/"},{"@type":"ListItem","position":2,"name":"Privacy Policy"}]},{"@type":"WebSite","@id":"https:\/\/aichabendafi.com\/en\/#website","url":"https:\/\/aichabendafi.com\/en\/","name":"aichabendafi","description":"Un site utilisant WordPress","publisher":{"@id":"https:\/\/aichabendafi.com\/en\/#organization"},"potentialAction":[{"@type":"SearchAction","target":{"@type":"EntryPoint","urlTemplate":"https:\/\/aichabendafi.com\/en\/?s={search_term_string}"},"query-input":{"@type":"PropertyValueSpecification","valueRequired":true,"valueName":"search_term_string"}}],"inLanguage":"en-US"},{"@type":"Organization","@id":"https:\/\/aichabendafi.com\/en\/#organization","name":"aichabendafi","url":"https:\/\/aichabendafi.com\/en\/","logo":{"@type":"ImageObject","inLanguage":"en-US","@id":"https:\/\/aichabendafi.com\/en\/#\/schema\/logo\/image\/","url":"https:\/\/aichabendafi.com\/wp-content\/uploads\/2022\/03\/cropped-logo.png","contentUrl":"https:\/\/aichabendafi.com\/wp-content\/uploads\/2022\/03\/cropped-logo.png","width":340,"height":42,"caption":"aichabendafi"},"image":{"@id":"https:\/\/aichabendafi.com\/en\/#\/schema\/logo\/image\/"}}]}},"jetpack_sharing_enabled":true,"_links":{"self":[{"href":"https:\/\/aichabendafi.com\/en\/wp-json\/wp\/v2\/pages\/24353","targetHints":{"allow":["GET"]}}],"collection":[{"href":"https:\/\/aichabendafi.com\/en\/wp-json\/wp\/v2\/pages"}],"about":[{"href":"https:\/\/aichabendafi.com\/en\/wp-json\/wp\/v2\/types\/page"}],"author":[{"embeddable":true,"href":"https:\/\/aichabendafi.com\/en\/wp-json\/wp\/v2\/users\/1"}],"replies":[{"embeddable":true,"href":"https:\/\/aichabendafi.com\/en\/wp-json\/wp\/v2\/comments?post=24353"}],"version-history":[{"count":2,"href":"https:\/\/aichabendafi.com\/en\/wp-json\/wp\/v2\/pages\/24353\/revisions"}],"predecessor-version":[{"id":258667,"href":"https:\/\/aichabendafi.com\/en\/wp-json\/wp\/v2\/pages\/24353\/revisions\/258667"}],"wp:attachment":[{"href":"https:\/\/aichabendafi.com\/en\/wp-json\/wp\/v2\/media?parent=24353"}],"curies":[{"name":"wp","href":"https:\/\/api.w.org\/{rel}","templated":true}]}}