 {"id":24195,"date":"2022-04-07T13:37:12","date_gmt":"2022-04-07T11:37:12","guid":{"rendered":"https:\/\/aichabendafi.com\/produit\/tote-bag-mousme-larlesienne\/"},"modified":"2022-04-07T13:37:12","modified_gmt":"2022-04-07T11:37:12","slug":"tote-bag-mousme-larlesienne-2","status":"publish","type":"product","link":"https:\/\/aichabendafi.com\/en\/produit\/tote-bag-mousme-larlesienne-2\/","title":{"rendered":"Tote bag Mousm\u00e9 l&#8217;arl\u00e9sienne"},"content":{"rendered":"<div class=\"page\" title=\"Page 4\">\n<div class=\"section\">\n<div class=\"layoutArea\">\n<p class=\"column\">Tote bag Mousm\u00e9 l&#8217;arl\u00e9sienne<\/p>\n<p class=\"column\">Product Sheet<br \/>\n&#8211; High edges of the bag with tucked-in finish for more solidity and for a qualitative finish<br \/>\n&#8211; Long handles with reinforcement cross<br \/>\n&#8211; Seams on the bottom of the bag to create volume<\/p>\n<p class=\"column\"><b>Washing and care instructions are recommended in order to maintain the contrast and durability of the print.<\/b><\/p>\n<p><span style=\"font-weight: 400;\">&#8211; Tote bag washes up to 30\u00b0 and upside down<\/span><br \/>\n<span style=\"font-weight: 400;\">&#8211; He goes over the back side avoiding the print<\/span><br \/>\n<span style=\"font-weight: 400;\">&#8211; Do not dry the tote bag in the machine to avoid tampering with the printed design<\/span><br \/>\n<span style=\"font-weight: 400;\">&#8211; the tote bag is washed with similar colours<\/span><br \/>\n<span style=\"font-weight: 400;\">&#8211; Do not bleach the iota bag to preserve the print<\/span><\/p>\n<p class=\"column\"><b>The technique of marking.<\/b><\/p>\n<p><span style=\"font-weight: 400;\">Direct digital printing on the fabric is not only the most modern but also the most ecological technique.<\/span><br \/>\n(OEKO-TEX ECOPASSPORT certification).<\/p>\n<\/div>\n<\/div>\n<\/div>\n","protected":false},"excerpt":{"rendered":"<p>TOTE BAG <em>MOUSM\u00c9 AUX FLEURS<\/em><\/p>\n<p>CLOTH<br \/>\n80% RECYCLED COTTON, 20% RECYCLED POLYESTER<br \/>\n300gsm<br \/>\nColour: Natural<br \/>\nWIDTH 37 cm, HEIGHT 39 cm, HANDLE LENGTH 65 cm<\/p>\n","protected":false},"featured_media":22034,"template":"","meta":[],"product_brand":[],"product_cat":[199,187],"product_tag":[181,182],"class_list":{"0":"post-24195","1":"product","2":"type-product","3":"status-publish","4":"has-post-thumbnail","6":"product_cat-accessories","7":"product_cat-tote-bags-en","8":"product_tag-20-recycled-polyester","9":"product_tag-80-recycled-cotton","10":"product_shipping_class-colissimo-with-signature","12":"entry","13":"has-media","15":"first","16":"outofstock","17":"shipping-taxable","18":"purchasable","19":"product-type-simple","20":"has-product-nav","21":"col","22":"span_1_of_3","23":"owp-content-center","24":"owp-thumbs-layout-horizontal","25":"owp-btn-normal","26":"owp-tabs-layout-horizontal"},"yoast_head":"<!-- This site is optimized with the Yoast SEO plugin v25.8 - https:\/\/yoast.com\/wordpress\/plugins\/seo\/ -->\n<title>Tote bag Mousm\u00e9 l\u2019arl\u00e9sienne | A\u00efcha Bendafi | Mode Iconique Collection<\/title>\n<meta name=\"description\" content=\"Tote bag Mousm\u00e9 l&#039;arl\u00e9sienne, Aicha Bendafi, artist in Arles Provence. Fashion and Accessories Art Collection, iconic creation drawing painting\" \/>\n<meta name=\"robots\" content=\"index, follow, max-snippet:-1, max-image-preview:large, max-video-preview:-1\" \/>\n<link rel=\"canonical\" href=\"https:\/\/aichabendafi.com\/en\/produit\/tote-bag-mousme-larlesienne-2\/\" \/>\n<meta property=\"og:locale\" content=\"en_US\" \/>\n<meta property=\"og:type\" content=\"article\" \/>\n<meta property=\"og:title\" content=\"Tote bag Mousm\u00e9 l\u2019arl\u00e9sienne | A\u00efcha Bendafi | Mode Iconique Collection\" \/>\n<meta property=\"og:description\" content=\"Tote bag Mousm\u00e9 l&#039;arl\u00e9sienne, Aicha Bendafi, artist in Arles Provence. Fashion and Accessories Art Collection, iconic creation drawing painting\" \/>\n<meta property=\"og:url\" content=\"https:\/\/aichabendafi.com\/en\/produit\/tote-bag-mousme-larlesienne-2\/\" \/>\n<meta property=\"og:site_name\" content=\"aichabendafi\" \/>\n<meta property=\"og:image\" content=\"https:\/\/aichabendafi.com\/wp-content\/uploads\/2022\/04\/face-tote-bag-MAF.jpg\" \/>\n\t<meta property=\"og:image:width\" content=\"1200\" \/>\n\t<meta property=\"og:image:height\" content=\"1500\" \/>\n\t<meta property=\"og:image:type\" content=\"image\/jpeg\" \/>\n<meta name=\"twitter:card\" content=\"summary_large_image\" \/>\n<meta name=\"twitter:label1\" content=\"Est. reading time\" \/>\n\t<meta name=\"twitter:data1\" content=\"1 minute\" \/>\n<script type=\"application\/ld+json\" class=\"yoast-schema-graph\">{\"@context\":\"https:\/\/schema.org\",\"@graph\":[{\"@type\":\"WebPage\",\"@id\":\"https:\/\/aichabendafi.com\/en\/produit\/tote-bag-mousme-larlesienne-2\/\",\"url\":\"https:\/\/aichabendafi.com\/en\/produit\/tote-bag-mousme-larlesienne-2\/\",\"name\":\"Tote bag Mousm\u00e9 l\u2019arl\u00e9sienne | A\u00efcha Bendafi | Mode Iconique Collection\",\"isPartOf\":{\"@id\":\"https:\/\/aichabendafi.com\/en\/#website\"},\"primaryImageOfPage\":{\"@id\":\"https:\/\/aichabendafi.com\/en\/produit\/tote-bag-mousme-larlesienne-2\/#primaryimage\"},\"image\":{\"@id\":\"https:\/\/aichabendafi.com\/en\/produit\/tote-bag-mousme-larlesienne-2\/#primaryimage\"},\"thumbnailUrl\":\"https:\/\/aichabendafi.com\/wp-content\/uploads\/2022\/04\/face-tote-bag-MAF.jpg\",\"datePublished\":\"2022-04-07T11:37:12+00:00\",\"description\":\"Tote bag Mousm\u00e9 l'arl\u00e9sienne, Aicha Bendafi, artist in Arles Provence. Fashion and Accessories Art Collection, iconic creation drawing painting\",\"breadcrumb\":{\"@id\":\"https:\/\/aichabendafi.com\/en\/produit\/tote-bag-mousme-larlesienne-2\/#breadcrumb\"},\"inLanguage\":\"en-US\",\"potentialAction\":[{\"@type\":\"ReadAction\",\"target\":[\"https:\/\/aichabendafi.com\/en\/produit\/tote-bag-mousme-larlesienne-2\/\"]}]},{\"@type\":\"ImageObject\",\"inLanguage\":\"en-US\",\"@id\":\"https:\/\/aichabendafi.com\/en\/produit\/tote-bag-mousme-larlesienne-2\/#primaryimage\",\"url\":\"https:\/\/aichabendafi.com\/wp-content\/uploads\/2022\/04\/face-tote-bag-MAF.jpg\",\"contentUrl\":\"https:\/\/aichabendafi.com\/wp-content\/uploads\/2022\/04\/face-tote-bag-MAF.jpg\",\"width\":1200,\"height\":1500},{\"@type\":\"BreadcrumbList\",\"@id\":\"https:\/\/aichabendafi.com\/en\/produit\/tote-bag-mousme-larlesienne-2\/#breadcrumb\",\"itemListElement\":[{\"@type\":\"ListItem\",\"position\":1,\"name\":\"Home\",\"item\":\"https:\/\/aichabendafi.com\/en\/\"},{\"@type\":\"ListItem\",\"position\":2,\"name\":\"Boutique\",\"item\":\"https:\/\/aichabendafi.com\/ma-boutique-aicha-bendafi\/\"},{\"@type\":\"ListItem\",\"position\":3,\"name\":\"Tote bag Mousm\u00e9 l&rsquo;arl\u00e9sienne\"}]},{\"@type\":\"WebSite\",\"@id\":\"https:\/\/aichabendafi.com\/en\/#website\",\"url\":\"https:\/\/aichabendafi.com\/en\/\",\"name\":\"aichabendafi\",\"description\":\"Un site utilisant WordPress\",\"publisher\":{\"@id\":\"https:\/\/aichabendafi.com\/en\/#organization\"},\"potentialAction\":[{\"@type\":\"SearchAction\",\"target\":{\"@type\":\"EntryPoint\",\"urlTemplate\":\"https:\/\/aichabendafi.com\/en\/?s={search_term_string}\"},\"query-input\":{\"@type\":\"PropertyValueSpecification\",\"valueRequired\":true,\"valueName\":\"search_term_string\"}}],\"inLanguage\":\"en-US\"},{\"@type\":\"Organization\",\"@id\":\"https:\/\/aichabendafi.com\/en\/#organization\",\"name\":\"aichabendafi\",\"url\":\"https:\/\/aichabendafi.com\/en\/\",\"logo\":{\"@type\":\"ImageObject\",\"inLanguage\":\"en-US\",\"@id\":\"https:\/\/aichabendafi.com\/en\/#\/schema\/logo\/image\/\",\"url\":\"https:\/\/aichabendafi.com\/wp-content\/uploads\/2022\/03\/cropped-logo.png\",\"contentUrl\":\"https:\/\/aichabendafi.com\/wp-content\/uploads\/2022\/03\/cropped-logo.png\",\"width\":340,\"height\":42,\"caption\":\"aichabendafi\"},\"image\":{\"@id\":\"https:\/\/aichabendafi.com\/en\/#\/schema\/logo\/image\/\"}}]}<\/script>\n<!-- \/ Yoast SEO plugin. -->","yoast_head_json":{"title":"Tote bag Mousm\u00e9 l\u2019arl\u00e9sienne | A\u00efcha Bendafi | Mode Iconique Collection","description":"Tote bag Mousm\u00e9 l'arl\u00e9sienne, Aicha Bendafi, artist in Arles Provence. Fashion and Accessories Art Collection, iconic creation drawing painting","robots":{"index":"index","follow":"follow","max-snippet":"max-snippet:-1","max-image-preview":"max-image-preview:large","max-video-preview":"max-video-preview:-1"},"canonical":"https:\/\/aichabendafi.com\/en\/produit\/tote-bag-mousme-larlesienne-2\/","og_locale":"en_US","og_type":"article","og_title":"Tote bag Mousm\u00e9 l\u2019arl\u00e9sienne | A\u00efcha Bendafi | Mode Iconique Collection","og_description":"Tote bag Mousm\u00e9 l'arl\u00e9sienne, Aicha Bendafi, artist in Arles Provence. Fashion and Accessories Art Collection, iconic creation drawing painting","og_url":"https:\/\/aichabendafi.com\/en\/produit\/tote-bag-mousme-larlesienne-2\/","og_site_name":"aichabendafi","og_image":[{"width":1200,"height":1500,"url":"https:\/\/aichabendafi.com\/wp-content\/uploads\/2022\/04\/face-tote-bag-MAF.jpg","type":"image\/jpeg"}],"twitter_card":"summary_large_image","twitter_misc":{"Est. reading time":"1 minute"},"schema":{"@context":"https:\/\/schema.org","@graph":[{"@type":"WebPage","@id":"https:\/\/aichabendafi.com\/en\/produit\/tote-bag-mousme-larlesienne-2\/","url":"https:\/\/aichabendafi.com\/en\/produit\/tote-bag-mousme-larlesienne-2\/","name":"Tote bag Mousm\u00e9 l\u2019arl\u00e9sienne | A\u00efcha Bendafi | Mode Iconique Collection","isPartOf":{"@id":"https:\/\/aichabendafi.com\/en\/#website"},"primaryImageOfPage":{"@id":"https:\/\/aichabendafi.com\/en\/produit\/tote-bag-mousme-larlesienne-2\/#primaryimage"},"image":{"@id":"https:\/\/aichabendafi.com\/en\/produit\/tote-bag-mousme-larlesienne-2\/#primaryimage"},"thumbnailUrl":"https:\/\/aichabendafi.com\/wp-content\/uploads\/2022\/04\/face-tote-bag-MAF.jpg","datePublished":"2022-04-07T11:37:12+00:00","description":"Tote bag Mousm\u00e9 l'arl\u00e9sienne, Aicha Bendafi, artist in Arles Provence. Fashion and Accessories Art Collection, iconic creation drawing painting","breadcrumb":{"@id":"https:\/\/aichabendafi.com\/en\/produit\/tote-bag-mousme-larlesienne-2\/#breadcrumb"},"inLanguage":"en-US","potentialAction":[{"@type":"ReadAction","target":["https:\/\/aichabendafi.com\/en\/produit\/tote-bag-mousme-larlesienne-2\/"]}]},{"@type":"ImageObject","inLanguage":"en-US","@id":"https:\/\/aichabendafi.com\/en\/produit\/tote-bag-mousme-larlesienne-2\/#primaryimage","url":"https:\/\/aichabendafi.com\/wp-content\/uploads\/2022\/04\/face-tote-bag-MAF.jpg","contentUrl":"https:\/\/aichabendafi.com\/wp-content\/uploads\/2022\/04\/face-tote-bag-MAF.jpg","width":1200,"height":1500},{"@type":"BreadcrumbList","@id":"https:\/\/aichabendafi.com\/en\/produit\/tote-bag-mousme-larlesienne-2\/#breadcrumb","itemListElement":[{"@type":"ListItem","position":1,"name":"Home","item":"https:\/\/aichabendafi.com\/en\/"},{"@type":"ListItem","position":2,"name":"Boutique","item":"https:\/\/aichabendafi.com\/ma-boutique-aicha-bendafi\/"},{"@type":"ListItem","position":3,"name":"Tote bag Mousm\u00e9 l&rsquo;arl\u00e9sienne"}]},{"@type":"WebSite","@id":"https:\/\/aichabendafi.com\/en\/#website","url":"https:\/\/aichabendafi.com\/en\/","name":"aichabendafi","description":"Un site utilisant WordPress","publisher":{"@id":"https:\/\/aichabendafi.com\/en\/#organization"},"potentialAction":[{"@type":"SearchAction","target":{"@type":"EntryPoint","urlTemplate":"https:\/\/aichabendafi.com\/en\/?s={search_term_string}"},"query-input":{"@type":"PropertyValueSpecification","valueRequired":true,"valueName":"search_term_string"}}],"inLanguage":"en-US"},{"@type":"Organization","@id":"https:\/\/aichabendafi.com\/en\/#organization","name":"aichabendafi","url":"https:\/\/aichabendafi.com\/en\/","logo":{"@type":"ImageObject","inLanguage":"en-US","@id":"https:\/\/aichabendafi.com\/en\/#\/schema\/logo\/image\/","url":"https:\/\/aichabendafi.com\/wp-content\/uploads\/2022\/03\/cropped-logo.png","contentUrl":"https:\/\/aichabendafi.com\/wp-content\/uploads\/2022\/03\/cropped-logo.png","width":340,"height":42,"caption":"aichabendafi"},"image":{"@id":"https:\/\/aichabendafi.com\/en\/#\/schema\/logo\/image\/"}}]}},"jetpack_sharing_enabled":true,"_links":{"self":[{"href":"https:\/\/aichabendafi.com\/en\/wp-json\/wp\/v2\/product\/24195","targetHints":{"allow":["GET"]}}],"collection":[{"href":"https:\/\/aichabendafi.com\/en\/wp-json\/wp\/v2\/product"}],"about":[{"href":"https:\/\/aichabendafi.com\/en\/wp-json\/wp\/v2\/types\/product"}],"wp:featuredmedia":[{"embeddable":true,"href":"https:\/\/aichabendafi.com\/en\/wp-json\/wp\/v2\/media\/22034"}],"wp:attachment":[{"href":"https:\/\/aichabendafi.com\/en\/wp-json\/wp\/v2\/media?parent=24195"}],"wp:term":[{"taxonomy":"product_brand","embeddable":true,"href":"https:\/\/aichabendafi.com\/en\/wp-json\/wp\/v2\/product_brand?post=24195"},{"taxonomy":"product_cat","embeddable":true,"href":"https:\/\/aichabendafi.com\/en\/wp-json\/wp\/v2\/product_cat?post=24195"},{"taxonomy":"product_tag","embeddable":true,"href":"https:\/\/aichabendafi.com\/en\/wp-json\/wp\/v2\/product_tag?post=24195"}],"curies":[{"name":"wp","href":"https:\/\/api.w.org\/{rel}","templated":true}]}}