 {"id":294335,"date":"2022-11-21T15:31:36","date_gmt":"2022-11-21T14:31:36","guid":{"rendered":"https:\/\/aichabendafi.com\/?post_type=product&#038;p=294335"},"modified":"2022-11-21T15:37:35","modified_gmt":"2022-11-21T14:37:35","slug":"tee-shirt-femme-jimi-peinture","status":"publish","type":"product","link":"https:\/\/aichabendafi.com\/en\/produit\/tee-shirt-femme-jimi-peinture\/","title":{"rendered":"Tee-shirt femme Jimi peinture"},"content":{"rendered":"<p>Tee-shirt femme Jimi peinture<\/p>\n<p><span style=\"font-weight: 400;\">Mon nouveau Tee-shirt femme Jimi peinture est l&#8217;impression d&#8217;une de mes peintures. C&#8217;est un tee-shirt en coton biologique fil\u00e9 et peign\u00e9.\u00a0 Ce nouveau produit vient enrichir ma collection Jimi Hendrix, je l&#8217;aime beaucoup parce que c&#8217;est ma premi\u00e8re cr\u00e9ation d&#8217;un tee-shirt \u00e0 partir d&#8217;une peinture. Ce tee-shirt est doux et vif \u00e0 la fois, dans sa mati\u00e8re comme dans sa couleur. Le contraste entre les couleurs vives que j&#8217;ai choisies pour ma peinture et la couleur framboise du tee-shirt s&#8217;accordent \u00e0 merveille pour un style vif, gai et hyper cool. Pour les Fans de Jimi Hendrix, ce portrait est original; je l&#8217;ai peint cette ann\u00e9e dans mon atelier \u00e0 Arles. Ma peinture du portrait de Jimi est directement imprim\u00e9 sur le tissu avec des encres de qualit\u00e9 qui permettent au tee-shirt de garder toute sa souplesse. Ce tee-shirt en coton biologique a une excellente tenue. <\/span><\/p>\n<p><span style=\"font-weight: 400;\">Vous pouvez le combiner comme il vous semble, comme par exemple avec un Jean mais aussi avec une tenue plus habill\u00e9e comme un blazer! Non seulement ce tee-shirt met en valeur votre tenue mais aussi vos accessoires pr\u00e9f\u00e9r\u00e9s.<\/span><\/p>\n<h4><b>Fiche Produit du T-Shirt Unisexe Jimi Hendrix<\/b><\/h4>\n<p><span style=\"font-weight: 400;\">&#8211; Manches mont\u00e9es<\/span><br \/>\n<span style=\"font-weight: 400;\">&#8211; Col en c\u00f4te 1&#215;1<\/span><br \/>\n<span style=\"font-weight: 400;\">&#8211; Bande de propret\u00e9 int\u00e9rieur col dans la mati\u00e8re principale<\/span><br \/>\n<span style=\"font-weight: 400;\">&#8211; Coupe tubulaire<\/span><\/p>\n<h4><b>La technique de marquage.<\/b><\/h4>\n<h4><span style=\"font-weight: 400;\">L&#8217;Impression num\u00e9rique directe sur le tissu est non seulement la technique la plus moderne mais aussi<\/span><br \/>\n<span style=\"font-weight: 400;\">la plus \u00e9cologique. (certification ECOPASSPORT d&#8217;OEKO-TEX).<\/span><br \/>\n<span style=\"font-weight: 400;\">Les instructions de lavage et d&#8217;entretien sont recommand\u00e9s afin de conserver les qualit\u00e9s de contraste et de p\u00e9rennit\u00e9 de l&#8217;imprim\u00e9.<\/span><\/h4>\n<p><span style=\"font-weight: 400;\">&#8211; Le tee-shirt se lave \u00e0 30\u00b0 maximum et \u00e0 l&#8217;envers<\/span><br \/>\n<span style=\"font-weight: 400;\">&#8211; Il se repasse sur l&#8217;envers en \u00e9vitant l&#8217;imprim\u00e9<\/span><br \/>\n<span style=\"font-weight: 400;\">&#8211; Il ne faut pas s\u00e9cher le tee-shirt en machine afin d&#8217;\u00e9viter d&#8217;alt\u00e9rer le dessin imprim\u00e9<\/span><br \/>\n<span style=\"font-weight: 400;\">&#8211; le tee-shirt se lave avec des couleurs similaires<\/span><br \/>\n<span style=\"font-weight: 400;\">&#8211; Ne pas blanchir le tee-shirt afin de pr\u00e9server l&#8217;imprim\u00e9<\/span><\/p>\n<p><b>La collection JIMI HENDRIX<\/b><\/p>\n<p><span style=\"font-weight: 400;\">En plus des tee-shirt, d\u00e9couvrez \u00e9galement les tote bags, couleur naturelle et couleur grise anthracite<\/span><\/p>\n<p><span style=\"font-weight: 400;\">Tous nos articles sont en coton biologique avec pour certains une part dont la composition est en polyester recycl\u00e9.<\/span><\/p>\n","protected":false},"excerpt":{"rendered":"<p>T-SHIRT\u00a0 Femme <em>Jimi Hendrix peinture<\/em><\/p>\n<p>FEMME<\/p>\n<p>JERSEY SIMPLE<br \/>\n100% COTON BIOLOGIQUE FIL\u00c9 ET PEIGN\u00c9<br \/>\nCOUPE NORMALE &#8211; 150 g\/m\u00b2<\/p>\n<p>Couleur : <span style=\"font-weight: 500;\">Raspberry<\/span><\/p>\n","protected":false},"featured_media":294336,"template":"","meta":[],"product_brand":[],"product_cat":[151,152],"product_tag":[153],"class_list":{"0":"post-294335","1":"product","2":"type-product","3":"status-publish","4":"has-post-thumbnail","6":"product_cat-femme","7":"product_cat-tee-shirts-femme","8":"product_tag-100-coton-biologique-file-et-peigne","10":"entry","11":"has-media","13":"first","14":"instock","15":"shipping-taxable","16":"purchasable","17":"product-type-variable","18":"has-product-nav","19":"col","20":"span_1_of_3","21":"owp-content-center","22":"owp-thumbs-layout-horizontal","23":"owp-btn-normal","24":"owp-tabs-layout-horizontal"},"yoast_head":"<!-- This site is optimized with the Yoast SEO plugin v25.8 - https:\/\/yoast.com\/wordpress\/plugins\/seo\/ -->\n<title>Tee-shirt femme Jimi peinture | A\u00efcha Bendafi | Artiste \u00e0 Arles<\/title>\n<meta name=\"description\" content=\"Tee-shirt femme Jimi peinture | A\u00efcha Bendafi | Voici la boutique de mon atelier d&#039;artiste. Une cr\u00e9ation Fran\u00e7aise \u00e9coresponsable et artistique\" \/>\n<meta name=\"robots\" content=\"index, follow, max-snippet:-1, max-image-preview:large, max-video-preview:-1\" \/>\n<link rel=\"canonical\" href=\"https:\/\/aichabendafi.com\/en\/produit\/tee-shirt-femme-jimi-peinture\/\" \/>\n<meta property=\"og:locale\" content=\"en_US\" \/>\n<meta property=\"og:type\" content=\"article\" \/>\n<meta property=\"og:title\" content=\"Tee-shirt femme Jimi peinture | A\u00efcha Bendafi | Artiste \u00e0 Arles\" \/>\n<meta property=\"og:description\" content=\"Tee-shirt femme Jimi peinture | A\u00efcha Bendafi | Voici la boutique de mon atelier d&#039;artiste. Une cr\u00e9ation Fran\u00e7aise \u00e9coresponsable et artistique\" \/>\n<meta property=\"og:url\" content=\"https:\/\/aichabendafi.com\/en\/produit\/tee-shirt-femme-jimi-peinture\/\" \/>\n<meta property=\"og:site_name\" content=\"aichabendafi\" \/>\n<meta property=\"article:modified_time\" content=\"2022-11-21T14:37:35+00:00\" \/>\n<meta property=\"og:image\" content=\"https:\/\/aichabendafi.com\/wp-content\/uploads\/2022\/11\/JIMI-peint-Femme-framboise.jpg\" \/>\n\t<meta property=\"og:image:width\" content=\"960\" \/>\n\t<meta property=\"og:image:height\" content=\"1200\" \/>\n\t<meta property=\"og:image:type\" content=\"image\/jpeg\" \/>\n<meta name=\"twitter:card\" content=\"summary_large_image\" \/>\n<meta name=\"twitter:label1\" content=\"Est. reading time\" \/>\n\t<meta name=\"twitter:data1\" content=\"2 minutes\" \/>\n<script type=\"application\/ld+json\" class=\"yoast-schema-graph\">{\"@context\":\"https:\/\/schema.org\",\"@graph\":[{\"@type\":\"WebPage\",\"@id\":\"https:\/\/aichabendafi.com\/en\/produit\/tee-shirt-femme-jimi-peinture\/\",\"url\":\"https:\/\/aichabendafi.com\/en\/produit\/tee-shirt-femme-jimi-peinture\/\",\"name\":\"Tee-shirt femme Jimi peinture | A\u00efcha Bendafi | Artiste \u00e0 Arles\",\"isPartOf\":{\"@id\":\"https:\/\/aichabendafi.com\/en\/#website\"},\"primaryImageOfPage\":{\"@id\":\"https:\/\/aichabendafi.com\/en\/produit\/tee-shirt-femme-jimi-peinture\/#primaryimage\"},\"image\":{\"@id\":\"https:\/\/aichabendafi.com\/en\/produit\/tee-shirt-femme-jimi-peinture\/#primaryimage\"},\"thumbnailUrl\":\"https:\/\/aichabendafi.com\/wp-content\/uploads\/2022\/11\/JIMI-peint-Femme-framboise.jpg\",\"datePublished\":\"2022-11-21T14:31:36+00:00\",\"dateModified\":\"2022-11-21T14:37:35+00:00\",\"description\":\"Tee-shirt femme Jimi peinture | A\u00efcha Bendafi | Voici la boutique de mon atelier d'artiste. Une cr\u00e9ation Fran\u00e7aise \u00e9coresponsable et artistique\",\"breadcrumb\":{\"@id\":\"https:\/\/aichabendafi.com\/en\/produit\/tee-shirt-femme-jimi-peinture\/#breadcrumb\"},\"inLanguage\":\"en-US\",\"potentialAction\":[{\"@type\":\"ReadAction\",\"target\":[\"https:\/\/aichabendafi.com\/en\/produit\/tee-shirt-femme-jimi-peinture\/\"]}]},{\"@type\":\"ImageObject\",\"inLanguage\":\"en-US\",\"@id\":\"https:\/\/aichabendafi.com\/en\/produit\/tee-shirt-femme-jimi-peinture\/#primaryimage\",\"url\":\"https:\/\/aichabendafi.com\/wp-content\/uploads\/2022\/11\/JIMI-peint-Femme-framboise.jpg\",\"contentUrl\":\"https:\/\/aichabendafi.com\/wp-content\/uploads\/2022\/11\/JIMI-peint-Femme-framboise.jpg\",\"width\":960,\"height\":1200,\"caption\":\"Tee-shirt femme Jimi peinture\"},{\"@type\":\"BreadcrumbList\",\"@id\":\"https:\/\/aichabendafi.com\/en\/produit\/tee-shirt-femme-jimi-peinture\/#breadcrumb\",\"itemListElement\":[{\"@type\":\"ListItem\",\"position\":1,\"name\":\"Home\",\"item\":\"https:\/\/aichabendafi.com\/en\/\"},{\"@type\":\"ListItem\",\"position\":2,\"name\":\"Boutique\",\"item\":\"https:\/\/aichabendafi.com\/ma-boutique-aicha-bendafi\/\"},{\"@type\":\"ListItem\",\"position\":3,\"name\":\"Tee-shirt femme Jimi peinture\"}]},{\"@type\":\"WebSite\",\"@id\":\"https:\/\/aichabendafi.com\/en\/#website\",\"url\":\"https:\/\/aichabendafi.com\/en\/\",\"name\":\"aichabendafi\",\"description\":\"Un site utilisant WordPress\",\"publisher\":{\"@id\":\"https:\/\/aichabendafi.com\/en\/#organization\"},\"potentialAction\":[{\"@type\":\"SearchAction\",\"target\":{\"@type\":\"EntryPoint\",\"urlTemplate\":\"https:\/\/aichabendafi.com\/en\/?s={search_term_string}\"},\"query-input\":{\"@type\":\"PropertyValueSpecification\",\"valueRequired\":true,\"valueName\":\"search_term_string\"}}],\"inLanguage\":\"en-US\"},{\"@type\":\"Organization\",\"@id\":\"https:\/\/aichabendafi.com\/en\/#organization\",\"name\":\"aichabendafi\",\"url\":\"https:\/\/aichabendafi.com\/en\/\",\"logo\":{\"@type\":\"ImageObject\",\"inLanguage\":\"en-US\",\"@id\":\"https:\/\/aichabendafi.com\/en\/#\/schema\/logo\/image\/\",\"url\":\"https:\/\/aichabendafi.com\/wp-content\/uploads\/2022\/03\/cropped-logo.png\",\"contentUrl\":\"https:\/\/aichabendafi.com\/wp-content\/uploads\/2022\/03\/cropped-logo.png\",\"width\":340,\"height\":42,\"caption\":\"aichabendafi\"},\"image\":{\"@id\":\"https:\/\/aichabendafi.com\/en\/#\/schema\/logo\/image\/\"}}]}<\/script>\n<!-- \/ Yoast SEO plugin. -->","yoast_head_json":{"title":"Tee-shirt femme Jimi peinture | A\u00efcha Bendafi | Artiste \u00e0 Arles","description":"Tee-shirt femme Jimi peinture | A\u00efcha Bendafi | Voici la boutique de mon atelier d'artiste. Une cr\u00e9ation Fran\u00e7aise \u00e9coresponsable et artistique","robots":{"index":"index","follow":"follow","max-snippet":"max-snippet:-1","max-image-preview":"max-image-preview:large","max-video-preview":"max-video-preview:-1"},"canonical":"https:\/\/aichabendafi.com\/en\/produit\/tee-shirt-femme-jimi-peinture\/","og_locale":"en_US","og_type":"article","og_title":"Tee-shirt femme Jimi peinture | A\u00efcha Bendafi | Artiste \u00e0 Arles","og_description":"Tee-shirt femme Jimi peinture | A\u00efcha Bendafi | Voici la boutique de mon atelier d'artiste. Une cr\u00e9ation Fran\u00e7aise \u00e9coresponsable et artistique","og_url":"https:\/\/aichabendafi.com\/en\/produit\/tee-shirt-femme-jimi-peinture\/","og_site_name":"aichabendafi","article_modified_time":"2022-11-21T14:37:35+00:00","og_image":[{"width":960,"height":1200,"url":"https:\/\/aichabendafi.com\/wp-content\/uploads\/2022\/11\/JIMI-peint-Femme-framboise.jpg","type":"image\/jpeg"}],"twitter_card":"summary_large_image","twitter_misc":{"Est. reading time":"2 minutes"},"schema":{"@context":"https:\/\/schema.org","@graph":[{"@type":"WebPage","@id":"https:\/\/aichabendafi.com\/en\/produit\/tee-shirt-femme-jimi-peinture\/","url":"https:\/\/aichabendafi.com\/en\/produit\/tee-shirt-femme-jimi-peinture\/","name":"Tee-shirt femme Jimi peinture | A\u00efcha Bendafi | Artiste \u00e0 Arles","isPartOf":{"@id":"https:\/\/aichabendafi.com\/en\/#website"},"primaryImageOfPage":{"@id":"https:\/\/aichabendafi.com\/en\/produit\/tee-shirt-femme-jimi-peinture\/#primaryimage"},"image":{"@id":"https:\/\/aichabendafi.com\/en\/produit\/tee-shirt-femme-jimi-peinture\/#primaryimage"},"thumbnailUrl":"https:\/\/aichabendafi.com\/wp-content\/uploads\/2022\/11\/JIMI-peint-Femme-framboise.jpg","datePublished":"2022-11-21T14:31:36+00:00","dateModified":"2022-11-21T14:37:35+00:00","description":"Tee-shirt femme Jimi peinture | A\u00efcha Bendafi | Voici la boutique de mon atelier d'artiste. Une cr\u00e9ation Fran\u00e7aise \u00e9coresponsable et artistique","breadcrumb":{"@id":"https:\/\/aichabendafi.com\/en\/produit\/tee-shirt-femme-jimi-peinture\/#breadcrumb"},"inLanguage":"en-US","potentialAction":[{"@type":"ReadAction","target":["https:\/\/aichabendafi.com\/en\/produit\/tee-shirt-femme-jimi-peinture\/"]}]},{"@type":"ImageObject","inLanguage":"en-US","@id":"https:\/\/aichabendafi.com\/en\/produit\/tee-shirt-femme-jimi-peinture\/#primaryimage","url":"https:\/\/aichabendafi.com\/wp-content\/uploads\/2022\/11\/JIMI-peint-Femme-framboise.jpg","contentUrl":"https:\/\/aichabendafi.com\/wp-content\/uploads\/2022\/11\/JIMI-peint-Femme-framboise.jpg","width":960,"height":1200,"caption":"Tee-shirt femme Jimi peinture"},{"@type":"BreadcrumbList","@id":"https:\/\/aichabendafi.com\/en\/produit\/tee-shirt-femme-jimi-peinture\/#breadcrumb","itemListElement":[{"@type":"ListItem","position":1,"name":"Home","item":"https:\/\/aichabendafi.com\/en\/"},{"@type":"ListItem","position":2,"name":"Boutique","item":"https:\/\/aichabendafi.com\/ma-boutique-aicha-bendafi\/"},{"@type":"ListItem","position":3,"name":"Tee-shirt femme Jimi peinture"}]},{"@type":"WebSite","@id":"https:\/\/aichabendafi.com\/en\/#website","url":"https:\/\/aichabendafi.com\/en\/","name":"aichabendafi","description":"Un site utilisant WordPress","publisher":{"@id":"https:\/\/aichabendafi.com\/en\/#organization"},"potentialAction":[{"@type":"SearchAction","target":{"@type":"EntryPoint","urlTemplate":"https:\/\/aichabendafi.com\/en\/?s={search_term_string}"},"query-input":{"@type":"PropertyValueSpecification","valueRequired":true,"valueName":"search_term_string"}}],"inLanguage":"en-US"},{"@type":"Organization","@id":"https:\/\/aichabendafi.com\/en\/#organization","name":"aichabendafi","url":"https:\/\/aichabendafi.com\/en\/","logo":{"@type":"ImageObject","inLanguage":"en-US","@id":"https:\/\/aichabendafi.com\/en\/#\/schema\/logo\/image\/","url":"https:\/\/aichabendafi.com\/wp-content\/uploads\/2022\/03\/cropped-logo.png","contentUrl":"https:\/\/aichabendafi.com\/wp-content\/uploads\/2022\/03\/cropped-logo.png","width":340,"height":42,"caption":"aichabendafi"},"image":{"@id":"https:\/\/aichabendafi.com\/en\/#\/schema\/logo\/image\/"}}]}},"jetpack_sharing_enabled":true,"_links":{"self":[{"href":"https:\/\/aichabendafi.com\/en\/wp-json\/wp\/v2\/product\/294335","targetHints":{"allow":["GET"]}}],"collection":[{"href":"https:\/\/aichabendafi.com\/en\/wp-json\/wp\/v2\/product"}],"about":[{"href":"https:\/\/aichabendafi.com\/en\/wp-json\/wp\/v2\/types\/product"}],"wp:featuredmedia":[{"embeddable":true,"href":"https:\/\/aichabendafi.com\/en\/wp-json\/wp\/v2\/media\/294336"}],"wp:attachment":[{"href":"https:\/\/aichabendafi.com\/en\/wp-json\/wp\/v2\/media?parent=294335"}],"wp:term":[{"taxonomy":"product_brand","embeddable":true,"href":"https:\/\/aichabendafi.com\/en\/wp-json\/wp\/v2\/product_brand?post=294335"},{"taxonomy":"product_cat","embeddable":true,"href":"https:\/\/aichabendafi.com\/en\/wp-json\/wp\/v2\/product_cat?post=294335"},{"taxonomy":"product_tag","embeddable":true,"href":"https:\/\/aichabendafi.com\/en\/wp-json\/wp\/v2\/product_tag?post=294335"}],"curies":[{"name":"wp","href":"https:\/\/api.w.org\/{rel}","templated":true}]}}