 {"id":423534,"date":"2025-08-24T13:25:08","date_gmt":"2025-08-24T11:25:08","guid":{"rendered":"https:\/\/aichabendafi.com\/?post_type=product&#038;p=423534"},"modified":"2025-08-24T13:39:44","modified_gmt":"2025-08-24T11:39:44","slug":"tee-shirt-marilyn-iconique","status":"publish","type":"product","link":"https:\/\/aichabendafi.com\/en\/produit\/tee-shirt-marilyn-iconique\/","title":{"rendered":"T-shirt Marilyn Iconique Off white"},"content":{"rendered":"<p>Tee-shirt Marilyn Iconique<\/p>\n<p>Le Tee-shirt Marilyn Iconique Off white est un tee-shirt ajust\u00e9 et d&#8217;une coupe \u00e9l\u00e9gante. Il est en coton 100%, dont 70% de coton biologique et 30% de coton recycl\u00e9. C&#8217;est un coton 180g il est donc assez \u00e9pais pour une tenue parfaite sobre et \u00e9l\u00e9gante. Un tee-shirt d&#8217;un look basique et iconique, entre le tee-shirt et le top.<\/p>\n<p><span style=\"font-weight: 400;\">Son tissu jersey simple est tr\u00e8s doux dans sa mati\u00e8re comme dans sa couleur. Ce tee-shirt est tout en f\u00e9minit\u00e9 et s&#8217;adapte parfaitement au corps . les \u00e9paules sont ajust\u00e9es et le tee-shirt pas trop long se pose parfaitement sur les hanches. Sa couleur blanc Off est chaude et lumineuse; elle rehausse ainsi esth\u00e9tiquement les nuances gris anthracite de mon dessin contrastant avec les couleurs lumineuses dans les lunettes.\u00a0<\/span><\/p>\n<p><span style=\"font-weight: 400;\"> Il a une excellente tenue et il se combine avec diff\u00e9rents styles comme par exemple avec un Jean mais aussi avec une tenue plus habill\u00e9e comme un blazer! Non seulement ce tee-shirt met en valeur votre style mais encore tous vos accessoires pr\u00e9f\u00e9r\u00e9s, comme de belles boucles d&#8217;oreilles en strass pour rester dans le m\u00eame esprit iconique! Optez pour l&#8217;harmonie et le contraste, combinez ce tee-shirt avec une tenue d\u00e9contract\u00e9e, comme par exemple, un short en jean et des baskets et de belles boucles d&#8217;oreilles!<\/span><\/p>\n<p>Fiche Produit T-Shirt Marilyn Monroe aux diamants<\/p>\n<ul>\n<li>Manches mont\u00e9es<\/li>\n<li>C\u00f4tes 1&#215;1 au col<\/li>\n<li>Bande de nuque int\u00e9rieure dans la mati\u00e8re principale<\/li>\n<li>Surpiq\u00fbre \u00e0 2 aiguilles \u00e9troite au poignet et \u00e0 l&#8217;ourlet<\/li>\n<\/ul>\n<h4><strong>Les instructions de lavage et d&#8217;entretien sont recommand\u00e9es afin de conserver les qualit\u00e9s de contraste et de p\u00e9rennit\u00e9 de l&#8217;imprim\u00e9.<\/strong><\/h4>\n<p><span style=\"font-weight: 400;\">&#8211; Le tee-shirt se lave \u00e0 30\u00b0 maximum et \u00e0 l&#8217;envers<\/span><br \/>\n<span style=\"font-weight: 400;\">&#8211; Il se repasse sur l&#8217;envers en \u00e9vitant l&#8217;imprim\u00e9<\/span><br \/>\n<span style=\"font-weight: 400;\">&#8211; Il ne faut pas s\u00e9cher le tee-shirt en machine afin d&#8217;\u00e9viter d&#8217;alt\u00e9rer le dessin imprim\u00e9<\/span><br \/>\n<span style=\"font-weight: 400;\">&#8211; le tee-shirt se lave avec des couleurs similaires<\/span><br \/>\n<span style=\"font-weight: 400;\">&#8211; Ne pas blanchir le tee-shirt afin de pr\u00e9server l&#8217;imprim\u00e9<\/span><\/p>\n<h4><b>La technique de marquage.<\/b><\/h4>\n<p><span style=\"font-weight: 400;\">L&#8217;Impression num\u00e9rique directe sur le tissu est non seulement la technique la plus moderne mais aussi la plus \u00e9cologique. (certification ECOPASSPORT d&#8217;OEKO-TEX).<\/span><\/p>\n","protected":false},"excerpt":{"rendered":"<div class=\"layoutArea\">\n<div class=\"column\">\n<p>T-SHIRT <em>ICONIQUE <\/em><em>MARILYN AUX DIAMANTS\u00a0<\/em><\/p>\n<p>JERSEY SIMPLE<\/p>\n<\/div>\n<\/div>\n<div class=\"layoutArea\">\n<div class=\"column\">100% COTON (70%coton biologique- 30% coton recycl\u00e9)<\/div>\n<div class=\"column\">le tee-shirt femme iconique &#8211; 180 g\/m2<br \/>\nCouleur : Blanc Off (un blanc chaud et lumineux)<\/div>\n<\/div>\n","protected":false},"featured_media":423541,"template":"","meta":[],"product_brand":[],"product_cat":[151,161,168,169,152,162],"product_tag":[],"class_list":{"0":"post-423534","1":"product","2":"type-product","3":"status-publish","4":"has-post-thumbnail","6":"product_cat-femme","7":"product_cat-homme","8":"product_cat-tee-shirt","9":"product_cat-tee-shirt-homme","10":"product_cat-tee-shirts-femme","11":"product_cat-unisexe","13":"entry","14":"has-media","16":"first","17":"instock","18":"shipping-taxable","19":"purchasable","20":"product-type-variable","21":"has-product-nav","22":"col","23":"span_1_of_3","24":"owp-content-center","25":"owp-thumbs-layout-horizontal","26":"owp-btn-normal","27":"owp-tabs-layout-horizontal"},"yoast_head":"<!-- This site is optimized with the Yoast SEO plugin v25.8 - https:\/\/yoast.com\/wordpress\/plugins\/seo\/ -->\n<title>tee-shirt-marilyn-iconique<\/title>\n<meta name=\"description\" content=\"tee-shirt-marilyn-iconique\" \/>\n<meta name=\"robots\" content=\"index, follow, max-snippet:-1, max-image-preview:large, max-video-preview:-1\" \/>\n<link rel=\"canonical\" href=\"https:\/\/aichabendafi.com\/en\/produit\/tee-shirt-marilyn-iconique\/\" \/>\n<meta property=\"og:locale\" content=\"en_US\" \/>\n<meta property=\"og:type\" content=\"article\" \/>\n<meta property=\"og:title\" content=\"tee-shirt-marilyn-iconique\" \/>\n<meta property=\"og:description\" content=\"tee-shirt-marilyn-iconique\" \/>\n<meta property=\"og:url\" content=\"https:\/\/aichabendafi.com\/en\/produit\/tee-shirt-marilyn-iconique\/\" \/>\n<meta property=\"og:site_name\" content=\"aichabendafi\" \/>\n<meta property=\"article:modified_time\" content=\"2025-08-24T11:39:44+00:00\" \/>\n<meta property=\"og:image\" content=\"https:\/\/aichabendafi.com\/wp-content\/uploads\/2025\/08\/mad-muser-off-01.jpg\" \/>\n\t<meta property=\"og:image:width\" content=\"960\" \/>\n\t<meta property=\"og:image:height\" content=\"1200\" \/>\n\t<meta property=\"og:image:type\" content=\"image\/jpeg\" \/>\n<meta name=\"twitter:card\" content=\"summary_large_image\" \/>\n<meta name=\"twitter:label1\" content=\"Est. reading time\" \/>\n\t<meta name=\"twitter:data1\" content=\"2 minutes\" \/>\n<script type=\"application\/ld+json\" class=\"yoast-schema-graph\">{\"@context\":\"https:\/\/schema.org\",\"@graph\":[{\"@type\":\"WebPage\",\"@id\":\"https:\/\/aichabendafi.com\/en\/produit\/tee-shirt-marilyn-iconique\/\",\"url\":\"https:\/\/aichabendafi.com\/en\/produit\/tee-shirt-marilyn-iconique\/\",\"name\":\"tee-shirt-marilyn-iconique\",\"isPartOf\":{\"@id\":\"https:\/\/aichabendafi.com\/en\/#website\"},\"primaryImageOfPage\":{\"@id\":\"https:\/\/aichabendafi.com\/en\/produit\/tee-shirt-marilyn-iconique\/#primaryimage\"},\"image\":{\"@id\":\"https:\/\/aichabendafi.com\/en\/produit\/tee-shirt-marilyn-iconique\/#primaryimage\"},\"thumbnailUrl\":\"https:\/\/aichabendafi.com\/wp-content\/uploads\/2025\/08\/mad-muser-off-01.jpg\",\"datePublished\":\"2025-08-24T11:25:08+00:00\",\"dateModified\":\"2025-08-24T11:39:44+00:00\",\"description\":\"tee-shirt-marilyn-iconique\",\"breadcrumb\":{\"@id\":\"https:\/\/aichabendafi.com\/en\/produit\/tee-shirt-marilyn-iconique\/#breadcrumb\"},\"inLanguage\":\"en-US\",\"potentialAction\":[{\"@type\":\"ReadAction\",\"target\":[\"https:\/\/aichabendafi.com\/en\/produit\/tee-shirt-marilyn-iconique\/\"]}]},{\"@type\":\"ImageObject\",\"inLanguage\":\"en-US\",\"@id\":\"https:\/\/aichabendafi.com\/en\/produit\/tee-shirt-marilyn-iconique\/#primaryimage\",\"url\":\"https:\/\/aichabendafi.com\/wp-content\/uploads\/2025\/08\/mad-muser-off-01.jpg\",\"contentUrl\":\"https:\/\/aichabendafi.com\/wp-content\/uploads\/2025\/08\/mad-muser-off-01.jpg\",\"width\":960,\"height\":1200,\"caption\":\"T-shirt Marilyn Monroe iconique coton biologique\"},{\"@type\":\"BreadcrumbList\",\"@id\":\"https:\/\/aichabendafi.com\/en\/produit\/tee-shirt-marilyn-iconique\/#breadcrumb\",\"itemListElement\":[{\"@type\":\"ListItem\",\"position\":1,\"name\":\"Home\",\"item\":\"https:\/\/aichabendafi.com\/en\/\"},{\"@type\":\"ListItem\",\"position\":2,\"name\":\"Boutique\",\"item\":\"https:\/\/aichabendafi.com\/ma-boutique-aicha-bendafi\/\"},{\"@type\":\"ListItem\",\"position\":3,\"name\":\"T-shirt Marilyn Iconique Off white\"}]},{\"@type\":\"WebSite\",\"@id\":\"https:\/\/aichabendafi.com\/en\/#website\",\"url\":\"https:\/\/aichabendafi.com\/en\/\",\"name\":\"aichabendafi\",\"description\":\"Un site utilisant WordPress\",\"publisher\":{\"@id\":\"https:\/\/aichabendafi.com\/en\/#organization\"},\"potentialAction\":[{\"@type\":\"SearchAction\",\"target\":{\"@type\":\"EntryPoint\",\"urlTemplate\":\"https:\/\/aichabendafi.com\/en\/?s={search_term_string}\"},\"query-input\":{\"@type\":\"PropertyValueSpecification\",\"valueRequired\":true,\"valueName\":\"search_term_string\"}}],\"inLanguage\":\"en-US\"},{\"@type\":\"Organization\",\"@id\":\"https:\/\/aichabendafi.com\/en\/#organization\",\"name\":\"aichabendafi\",\"url\":\"https:\/\/aichabendafi.com\/en\/\",\"logo\":{\"@type\":\"ImageObject\",\"inLanguage\":\"en-US\",\"@id\":\"https:\/\/aichabendafi.com\/en\/#\/schema\/logo\/image\/\",\"url\":\"https:\/\/aichabendafi.com\/wp-content\/uploads\/2022\/03\/cropped-logo.png\",\"contentUrl\":\"https:\/\/aichabendafi.com\/wp-content\/uploads\/2022\/03\/cropped-logo.png\",\"width\":340,\"height\":42,\"caption\":\"aichabendafi\"},\"image\":{\"@id\":\"https:\/\/aichabendafi.com\/en\/#\/schema\/logo\/image\/\"}}]}<\/script>\n<!-- \/ Yoast SEO plugin. -->","yoast_head_json":{"title":"tee-shirt-marilyn-iconique","description":"tee-shirt-marilyn-iconique","robots":{"index":"index","follow":"follow","max-snippet":"max-snippet:-1","max-image-preview":"max-image-preview:large","max-video-preview":"max-video-preview:-1"},"canonical":"https:\/\/aichabendafi.com\/en\/produit\/tee-shirt-marilyn-iconique\/","og_locale":"en_US","og_type":"article","og_title":"tee-shirt-marilyn-iconique","og_description":"tee-shirt-marilyn-iconique","og_url":"https:\/\/aichabendafi.com\/en\/produit\/tee-shirt-marilyn-iconique\/","og_site_name":"aichabendafi","article_modified_time":"2025-08-24T11:39:44+00:00","og_image":[{"width":960,"height":1200,"url":"https:\/\/aichabendafi.com\/wp-content\/uploads\/2025\/08\/mad-muser-off-01.jpg","type":"image\/jpeg"}],"twitter_card":"summary_large_image","twitter_misc":{"Est. reading time":"2 minutes"},"schema":{"@context":"https:\/\/schema.org","@graph":[{"@type":"WebPage","@id":"https:\/\/aichabendafi.com\/en\/produit\/tee-shirt-marilyn-iconique\/","url":"https:\/\/aichabendafi.com\/en\/produit\/tee-shirt-marilyn-iconique\/","name":"tee-shirt-marilyn-iconique","isPartOf":{"@id":"https:\/\/aichabendafi.com\/en\/#website"},"primaryImageOfPage":{"@id":"https:\/\/aichabendafi.com\/en\/produit\/tee-shirt-marilyn-iconique\/#primaryimage"},"image":{"@id":"https:\/\/aichabendafi.com\/en\/produit\/tee-shirt-marilyn-iconique\/#primaryimage"},"thumbnailUrl":"https:\/\/aichabendafi.com\/wp-content\/uploads\/2025\/08\/mad-muser-off-01.jpg","datePublished":"2025-08-24T11:25:08+00:00","dateModified":"2025-08-24T11:39:44+00:00","description":"tee-shirt-marilyn-iconique","breadcrumb":{"@id":"https:\/\/aichabendafi.com\/en\/produit\/tee-shirt-marilyn-iconique\/#breadcrumb"},"inLanguage":"en-US","potentialAction":[{"@type":"ReadAction","target":["https:\/\/aichabendafi.com\/en\/produit\/tee-shirt-marilyn-iconique\/"]}]},{"@type":"ImageObject","inLanguage":"en-US","@id":"https:\/\/aichabendafi.com\/en\/produit\/tee-shirt-marilyn-iconique\/#primaryimage","url":"https:\/\/aichabendafi.com\/wp-content\/uploads\/2025\/08\/mad-muser-off-01.jpg","contentUrl":"https:\/\/aichabendafi.com\/wp-content\/uploads\/2025\/08\/mad-muser-off-01.jpg","width":960,"height":1200,"caption":"T-shirt Marilyn Monroe iconique coton biologique"},{"@type":"BreadcrumbList","@id":"https:\/\/aichabendafi.com\/en\/produit\/tee-shirt-marilyn-iconique\/#breadcrumb","itemListElement":[{"@type":"ListItem","position":1,"name":"Home","item":"https:\/\/aichabendafi.com\/en\/"},{"@type":"ListItem","position":2,"name":"Boutique","item":"https:\/\/aichabendafi.com\/ma-boutique-aicha-bendafi\/"},{"@type":"ListItem","position":3,"name":"T-shirt Marilyn Iconique Off white"}]},{"@type":"WebSite","@id":"https:\/\/aichabendafi.com\/en\/#website","url":"https:\/\/aichabendafi.com\/en\/","name":"aichabendafi","description":"Un site utilisant WordPress","publisher":{"@id":"https:\/\/aichabendafi.com\/en\/#organization"},"potentialAction":[{"@type":"SearchAction","target":{"@type":"EntryPoint","urlTemplate":"https:\/\/aichabendafi.com\/en\/?s={search_term_string}"},"query-input":{"@type":"PropertyValueSpecification","valueRequired":true,"valueName":"search_term_string"}}],"inLanguage":"en-US"},{"@type":"Organization","@id":"https:\/\/aichabendafi.com\/en\/#organization","name":"aichabendafi","url":"https:\/\/aichabendafi.com\/en\/","logo":{"@type":"ImageObject","inLanguage":"en-US","@id":"https:\/\/aichabendafi.com\/en\/#\/schema\/logo\/image\/","url":"https:\/\/aichabendafi.com\/wp-content\/uploads\/2022\/03\/cropped-logo.png","contentUrl":"https:\/\/aichabendafi.com\/wp-content\/uploads\/2022\/03\/cropped-logo.png","width":340,"height":42,"caption":"aichabendafi"},"image":{"@id":"https:\/\/aichabendafi.com\/en\/#\/schema\/logo\/image\/"}}]}},"jetpack_sharing_enabled":true,"_links":{"self":[{"href":"https:\/\/aichabendafi.com\/en\/wp-json\/wp\/v2\/product\/423534","targetHints":{"allow":["GET"]}}],"collection":[{"href":"https:\/\/aichabendafi.com\/en\/wp-json\/wp\/v2\/product"}],"about":[{"href":"https:\/\/aichabendafi.com\/en\/wp-json\/wp\/v2\/types\/product"}],"wp:featuredmedia":[{"embeddable":true,"href":"https:\/\/aichabendafi.com\/en\/wp-json\/wp\/v2\/media\/423541"}],"wp:attachment":[{"href":"https:\/\/aichabendafi.com\/en\/wp-json\/wp\/v2\/media?parent=423534"}],"wp:term":[{"taxonomy":"product_brand","embeddable":true,"href":"https:\/\/aichabendafi.com\/en\/wp-json\/wp\/v2\/product_brand?post=423534"},{"taxonomy":"product_cat","embeddable":true,"href":"https:\/\/aichabendafi.com\/en\/wp-json\/wp\/v2\/product_cat?post=423534"},{"taxonomy":"product_tag","embeddable":true,"href":"https:\/\/aichabendafi.com\/en\/wp-json\/wp\/v2\/product_tag?post=423534"}],"curies":[{"name":"wp","href":"https:\/\/api.w.org\/{rel}","templated":true}]}}